{"id":941,"date":"2021-02-23T13:51:09","date_gmt":"2021-02-23T12:51:09","guid":{"rendered":"https:\/\/konnekt.no\/?page_id=941"},"modified":"2025-11-28T09:15:25","modified_gmt":"2025-11-28T08:15:25","slug":"etter-og-videreutdanning","status":"publish","type":"page","link":"https:\/\/www.jernbanedirektoratet.no\/konnekt\/etter-og-videreutdanning\/","title":{"rendered":"Etter- og videreutdanning"},"content":{"rendered":"\n<div class=\"wp-block-cover alignfull\"><span aria-hidden=\"true\" class=\"wp-block-cover__background has-background-dim-0 has-background-dim\" style=\"background-color:#363d44\"><\/span><img loading=\"lazy\" decoding=\"async\" width=\"2560\" height=\"1440\" src=\"https:\/\/www.jernbanedirektoratet.no\/content\/uploads\/sites\/3\/2020\/10\/konnekt-04-scaled-1.jpg\" class=\"wp-block-cover__image-background wp-post-image\" alt=\"\" data-object-fit=\"cover\" srcset=\"https:\/\/www.jernbanedirektoratet.no\/content\/uploads\/sites\/3\/2020\/10\/konnekt-04-scaled-1.jpg 2560w, https:\/\/www.jernbanedirektoratet.no\/content\/uploads\/sites\/3\/2020\/10\/konnekt-04-scaled-1-300x169.jpg 300w, https:\/\/www.jernbanedirektoratet.no\/content\/uploads\/sites\/3\/2020\/10\/konnekt-04-scaled-1-1024x576.jpg 1024w, https:\/\/www.jernbanedirektoratet.no\/content\/uploads\/sites\/3\/2020\/10\/konnekt-04-scaled-1-768x432.jpg 768w, https:\/\/www.jernbanedirektoratet.no\/content\/uploads\/sites\/3\/2020\/10\/konnekt-04-scaled-1-1536x864.jpg 1536w, https:\/\/www.jernbanedirektoratet.no\/content\/uploads\/sites\/3\/2020\/10\/konnekt-04-scaled-1-2048x1152.jpg 2048w\" sizes=\"auto, (max-width: 2560px) 100vw, 2560px\" \/><div class=\"wp-block-cover__inner-container\"><h1 class=\"wp-block-post-title\">Etter- og videreutdanning<\/h1>\n\n<p class=\"t2-ingress wp-block-t2-ingress\">Det tilbys en rekke etter og videreutdannings muligheter innen samferdsel. Her finner du oversikt over utdanningsinstitusjoner og programmer.<\/p><\/div><\/div>\n\n\n\n<h2 class=\"wp-block-heading is-style-intro-content\" id=\"h-ntnu\">NTNU<\/h2>\n\n\n\n<p class=\"is-style-intro-content\"><a href=\"https:\/\/www.ntnu.no\/studier\/mvegjernb\" target=\"_blank\" rel=\"noreferrer noopener\">Erfaringsbasert masterprogram (deltid), Trondheim<\/a><\/p>\n\n\n\n<p class=\"is-style-intro-content\">Dette er et fleksibelt deltidstudium for deg som jobber innen veg- og jernbanesektoren. Du kan ta&nbsp;<a href=\"https:\/\/www.ntnu.no\/studier\/mvegjernb\/kurskalender\">enkeltkurs<\/a>&nbsp;eller en hel mastergrad ved siden av jobb.<\/p>\n\n\n\n<p class=\"is-style-intro-content\"><a href=\"https:\/\/www.ntnu.no\/videre\/tunnelstudiet\" target=\"_blank\" rel=\"noreferrer noopener\">Tunnelstudiet<\/a><\/p>\n\n\n\n<p class=\"is-style-intro-content\">Tunnelstudiet er et tilbud til personer som jobber med ulike fagomr\u00e5der innen tunnel. B\u00e5de planlegging, bygging, drift, vedlikehold og sikkerhet er viktige tema. Hensikten bak studiet er \u00e5&nbsp;\u00f8ke samhandlingen mellom ulike tunnelmilj\u00f8 for \u00e5&nbsp;styrke kvaliteten i alle faser av et tunnelprosjekt.<\/p>\n\n\n\n<p class=\"is-style-intro-content\"><a href=\"https:\/\/www.ntnu.no\/videre\/gen\/-\/courses\/nv19130\" target=\"_blank\" rel=\"noreferrer noopener\">Trafikksikkerhetsrevisjoner og -inspeksjoner<\/a><\/p>\n\n\n\n<p class=\"is-style-intro-content\">Kurset gir deg grunnleggende kunnskaper om trafikksikkerhet, form\u00e5let med TS-revisjoner og TS-inspeksjoner og etablerte metoder for gjennomf\u00f8ring av slike revisjoner og inspeksjoner. Kurset gjennomf\u00f8res i samarbeid med Statens vegvesen\/Vegdirektoratet.<\/p>\n\n\n\n<p><\/p>\n\n\n\n<p class=\"is-style-intro-content\">Ved NTNU tilbys ogs\u00e5 en rekke enkeltkurs innen <a href=\"https:\/\/www.ntnu.no\/videre\/teknologi-og-samfunn\" target=\"_blank\" rel=\"noreferrer noopener\">Teknologi og Samfunn<\/a><\/p>\n\n\n\n<p><a href=\"https:\/\/www.ntnu.no\/videre\/gen\/-\/courses\/nv24904\">Planlegging for mobilitet p\u00e5 sykkel<\/a><\/p>\n\n\n\n<p>Kurset gir deg kunnskap om strategier og design for sykkelinfrastruktur, og passer for fagfolk som vil styrke sin kompetanse innen mobilitet og byplanlegging.<\/p>\n\n\n\n<h2 class=\"wp-block-heading is-style-intro-content\" id=\"h-nmbu\">NMBU<\/h2>\n\n\n\n<p class=\"is-style-intro-content\">Etter- og videreutdanning ved NMBU tilbyr et bredt spekter av deltidskurs. De lager ogs\u00e5 spesialkurs p\u00e5 foresp\u00f8rsel for bedrifter.<\/p>\n\n\n\n<p class=\"is-style-intro-content\"><a href=\"https:\/\/www.nmbu.no\/studier\/evu\">Oversikt over Etter- og videreutdanningskurs<\/a><\/p>\n\n\n\n<h2 class=\"wp-block-heading is-style-intro-content\" id=\"h-oslomet\">OsloMet<\/h2>\n\n\n\n<p class=\"is-style-intro-content\"><a href=\"https:\/\/www.oslomet.no\/studier\/tkd\/evu-tkd\/trafikkteknikk\" target=\"_blank\" rel=\"noreferrer noopener\">Trafikkteknikk<\/a><\/p>\n\n\n\n<p class=\"is-style-intro-content\">Videreutdanningen Trafikkteknikk gir deg innsikt og kunnskap i hva som kan gi trafikale problemer og hvordan de kan h\u00e5ndteres.<\/p>\n\n\n\n<h2 class=\"wp-block-heading is-style-intro-content\" id=\"h-hogskolen-i-molde\">H\u00f8gskolen i Molde<\/h2>\n\n\n\n<p class=\"is-style-intro-content\"><a href=\"https:\/\/www.himolde.no\/studier\/program\/berekraftig-byutvikling\/index.html\" target=\"_blank\" rel=\"noreferrer noopener\">Videreutdanning i b\u00e6rekraftig byutvikling<\/a><\/p>\n\n\n\n<p class=\"is-style-intro-content\">Studiet er et samarbeid med Norsk Sentrumsutvikling. Studiet er b\u00e5de et svar p\u00e5 et behov for en videreutdanning i byutvikling og sentrumledelse, og p\u00e5 \u00f8kt ettersp\u00f8rsel etter kunnskap om b\u00e6rekraftig byutvikling.&nbsp;<\/p>\n\n\n\n<p class=\"is-style-intro-content\"><a href=\"https:\/\/www.himolde.no\/studier\/program\/msc-in-sustainable-transport-and-urban-mobility\/index.html\" target=\"_blank\" rel=\"noreferrer noopener\">Master of Science in Sustainable Transport and Urban Mobility<\/a><\/p>\n\n\n\n<p class=\"is-style-intro-content\">En rekke av kursene i dette programmet kan ogs\u00e5 tas som etter og videreutdanning. Kontakt H\u00f8gskolen i Molde for n\u00e6rmere informasjon.<\/p>\n\n\n\n<h2 class=\"wp-block-heading is-style-intro-content\" id=\"h-hogskolen-i-ostfold\">H\u00f8gskolen i \u00d8stfold<\/h2>\n\n\n\n<p class=\"is-style-intro-content\"><a href=\"https:\/\/www.hiof.no\/studier\/programmer\/tingenes-internett-og-sanntidssystemer\/index.html\" target=\"_blank\" rel=\"noreferrer noopener\">Tingenes internett og sanntidssystemer<\/a><\/p>\n\n\n\n<p class=\"is-style-intro-content\">Emnet vil gi en introduksjon til Tingenes internett og sanntidssystemer slik at bedriftene kan f\u00e5 en bedre forst\u00e5else for teknologien for digitalisering av industri og n\u00e6ringsliv.&nbsp;<\/p>\n\n\n\n<h2 class=\"wp-block-heading is-style-intro-content\" id=\"h-hogskulen-pa-vestlandet\">H\u00f8gskulen p\u00e5 Vestlandet<\/h2>\n\n\n\n<p class=\"is-style-intro-content\">H\u00f8gskulen p\u00e5 Vestlandet tilbyr en rekke <a href=\"https:\/\/www.hvl.no\/studier\/studieprogram\/etter-og-vidareutdanning\/?filters=IngeniorOgTeknologifag\" target=\"_blank\" rel=\"noreferrer noopener\">etter og videreutdanningskurs innen ingeni\u00f8rfaget<\/a><\/p>\n\n\n\n<h2 class=\"wp-block-heading is-style-intro-content\" id=\"h-norges-arktiske-universitet-uit\">Norges arktiske universitet (UiT)<\/h2>\n\n\n\n<p class=\"is-style-intro-content\"><a href=\"https:\/\/uit.no\/utdanning\/videreutdanning\/retning?kategori=36942,38254\" target=\"_blank\" rel=\"noreferrer noopener\">Bygg, ingeni\u00f8r &#8211; bachelor (nettbasert)<\/a><\/p>\n\n\n\n<p class=\"is-style-intro-content\">Vil du v\u00e6re med \u00e5 bygge samfunnet rundt oss? Er du kreativ og konstruktiv? Liker du \u00e5 skape noe nytt? Velger du et studium som byggingeni\u00f8r f\u00e5r du v\u00e6re med \u00e5 bygge landet. I et v\u00e6rutsatt land som Norge m\u00e5 vi ha gode bygninger og veier, vi m\u00e5 ha tuneller og bruer, vann, avl\u00f8p og all den infrastruktur som trenges for at samfunnet skal fungere. Som byggingeni\u00f8r blir du i stand til \u00e5 l\u00f8se generelle arbeidsoppgaver innen bygg og anleggsektoren.<\/p>\n\n\n\n<h2 class=\"wp-block-heading is-style-intro-content\" id=\"h-nord-universitet\">Nord Universitet<\/h2>\n\n\n\n<p class=\"is-style-intro-content\">Nord universitet tilbyr en rekke <a href=\"https:\/\/www.nord.no\/\" target=\"_blank\" rel=\"noreferrer noopener\">etter og videreutdanningsfag innen entrepren\u00f8rskap og trafikkfage<\/a><a href=\"https:\/\/www.nord.no\/no\/studier\/videre\/Sider\/default.aspx\" target=\"_blank\" rel=\"noreferrer noopener\">t<\/a>.<\/p>\n\n\n\n<h2 class=\"wp-block-heading is-style-intro-content\" id=\"h-universitetet-i-sorost-norge\">Universitetet i S\u00f8r\u00f8st-Norge<\/h2>\n\n\n\n<p class=\"is-style-intro-content\">\u00d8nsker du \u00e5 bygge videre p\u00e5 den teknologiske utdanningen du allerede har, eller vurderer du kanskje en ny karrierevei? <a rel=\"noreferrer noopener\" href=\"https:\/\/www.usn.no\/studier\/videreutdanning\/teknologiske-fag\/\" target=\"_blank\">Vi tilbyr videreutdanning innenfor teknologiske fag.<\/a><\/p>\n\n\n\n<h2 class=\"wp-block-heading is-style-intro-content\" id=\"h-universitetet-i-stavanger\">Universitetet i Stavanger<\/h2>\n\n\n\n<p class=\"is-style-intro-content\">Universitetet i Stavanger tilbyr en rekke <a href=\"https:\/\/www.uis.no\/nb\/finn\/tags\/studier-1\/tags\/etter-og-videreutdanning-38\" target=\"_blank\" rel=\"noreferrer noopener\">etter og videreutdanningskurs i ledelse og ingeni\u00f8rfaget<\/a><\/p>\n\n\n\n<p class=\"is-style-intro-content\"><a href=\"https:\/\/www.uis.no\/nb\/studietilbud\/tunnelsikkerhetsstudiet\" target=\"_blank\" rel=\"noreferrer noopener\">Tunnelsikkerhet<\/a><\/p>\n\n\n\n<p class=\"is-style-intro-content\">Generelt vil seminarene gj\u00f8re deg i stand til \u00e5 utfordre og utvikle din arbeidspraksis og dine produkter\/ideer i et st\u00f8rre fagmilj\u00f8. Gjennom seminarene vil vi bidra til \u00e5 skape en helhetlig forst\u00e5else av utfordringene som finnes i tunnelsikkerhetsarbeidet.<\/p>\n\n\n\n<div class=\"wp-block-group has-global-padding is-layout-constrained wp-block-group-is-layout-constrained\">\n<h2 class=\"wp-block-heading is-style-intro-content\" id=\"h-internasjonale-studier\">Internasjonale studier<\/h2>\n\n\n\n<h3 class=\"wp-block-heading is-style-intro-content\" id=\"h-nationellt-kunskapcentrum-for-kollektivtrafik\">Nationellt Kunskapcentrum f\u00f6r kollektivtrafik<\/h3>\n\n\n\n<p class=\"is-style-intro-content\"><a href=\"https:\/\/www.k2centrum.se\/planning-green-and-livable-cities-through-reduced-automobile-dependence\" rel=\"nofollow\">Planning for Green and Livable Cities Through Reduced Automobile Dependence<\/a><\/p>\n\n\n\n<p class=\"is-style-intro-content\" id=\"tw-target-text\">Denne oppl\u00e6ringen fokuserer p\u00e5 hvordan byer kan bli mer b\u00e6rekraftige ved \u00e5 planlegge en redusert avhengighet av biler. Oppl\u00e6ringen har et globalt perspektiv og gir deltakerne et solid innblikk i hvordan utformingen av gode bymilj\u00f8er kan se ut og hvordan dette p\u00e5virker muligheten for b\u00e6rekraftig transport. Under oppl\u00e6ringen f\u00e5r du muligheten til \u00e5 l\u00e6re av de beste eksemplene.<\/p>\n<\/div>\n","protected":false},"excerpt":{"rendered":"<p>Det tilbys en rekke etter og videreutdannings muligheter innen samferdsel. Her finner du oversikt over utdanningsinstitusjoner og programmer.<\/p>\n","protected":false},"author":14,"featured_media":776,"parent":0,"menu_order":0,"comment_status":"closed","ping_status":"closed","template":"","meta":{"post_sublanguage":"","footnotes":""},"class_list":["post-941","page","type-page","status-publish","has-post-thumbnail","hentry"],"yoast_head":"<!-- This site is optimized with the Yoast SEO Premium plugin v25.3 (Yoast SEO v25.3) - https:\/\/yoast.com\/wordpress\/plugins\/seo\/ -->\n<title>Etter- og videreutdanning - Konnekt<\/title>\n<meta name=\"description\" content=\"Det tilbys en rekke etter og videreutdannings muligheter innen samferdsel. Her finner du oversikt over utdanningsinstitusjoner og programmer.\" \/>\n<meta name=\"robots\" content=\"index, follow, max-snippet:-1, max-image-preview:large, max-video-preview:-1\" \/>\n<link rel=\"canonical\" href=\"https:\/\/www.jernbanedirektoratet.no\/konnekt\/etter-og-videreutdanning\/\" \/>\n<meta property=\"og:locale\" content=\"nb_NO\" \/>\n<meta property=\"og:type\" content=\"article\" \/>\n<meta property=\"og:title\" content=\"Etter- og videreutdanning\" \/>\n<meta property=\"og:description\" content=\"Det tilbys en rekke etter og videreutdannings muligheter innen samferdsel. Her finner du oversikt over utdanningsinstitusjoner og programmer.\" \/>\n<meta property=\"og:url\" content=\"https:\/\/www.jernbanedirektoratet.no\/konnekt\/etter-og-videreutdanning\/\" \/>\n<meta property=\"og:site_name\" content=\"Konnekt\" \/>\n<meta property=\"article:modified_time\" content=\"2025-11-28T08:15:25+00:00\" \/>\n<meta property=\"og:image\" content=\"https:\/\/www.jernbanedirektoratet.no\/content\/uploads\/sites\/3\/2020\/10\/konnekt-04-scaled-1.jpg\" \/>\n\t<meta property=\"og:image:width\" content=\"2560\" \/>\n\t<meta property=\"og:image:height\" content=\"1440\" \/>\n\t<meta property=\"og:image:type\" content=\"image\/jpeg\" \/>\n<meta name=\"twitter:card\" content=\"summary_large_image\" \/>\n<meta name=\"twitter:label1\" content=\"Ansl. lesetid\" \/>\n\t<meta name=\"twitter:data1\" content=\"4 minutter\" \/>\n<script type=\"application\/ld+json\" class=\"yoast-schema-graph\">{\"@context\":\"https:\/\/schema.org\",\"@graph\":[{\"@type\":\"WebPage\",\"@id\":\"https:\/\/www.jernbanedirektoratet.no\/konnekt\/etter-og-videreutdanning\/\",\"url\":\"https:\/\/www.jernbanedirektoratet.no\/konnekt\/etter-og-videreutdanning\/\",\"name\":\"Etter- og videreutdanning - Konnekt\",\"isPartOf\":{\"@id\":\"https:\/\/www.jernbanedirektoratet.no\/konnekt\/#website\"},\"primaryImageOfPage\":{\"@id\":\"https:\/\/www.jernbanedirektoratet.no\/konnekt\/etter-og-videreutdanning\/#primaryimage\"},\"image\":{\"@id\":\"https:\/\/www.jernbanedirektoratet.no\/konnekt\/etter-og-videreutdanning\/#primaryimage\"},\"thumbnailUrl\":\"https:\/\/www.jernbanedirektoratet.no\/content\/uploads\/sites\/3\/2020\/10\/konnekt-04-scaled-1.jpg\",\"datePublished\":\"2021-02-23T12:51:09+00:00\",\"dateModified\":\"2025-11-28T08:15:25+00:00\",\"description\":\"Det tilbys en rekke etter og videreutdannings muligheter innen samferdsel. Her finner du oversikt over utdanningsinstitusjoner og programmer.\",\"breadcrumb\":{\"@id\":\"https:\/\/www.jernbanedirektoratet.no\/konnekt\/etter-og-videreutdanning\/#breadcrumb\"},\"inLanguage\":\"nb-NO\",\"potentialAction\":[{\"@type\":\"ReadAction\",\"target\":[\"https:\/\/www.jernbanedirektoratet.no\/konnekt\/etter-og-videreutdanning\/\"]}]},{\"@type\":\"ImageObject\",\"inLanguage\":\"nb-NO\",\"@id\":\"https:\/\/www.jernbanedirektoratet.no\/konnekt\/etter-og-videreutdanning\/#primaryimage\",\"url\":\"https:\/\/www.jernbanedirektoratet.no\/content\/uploads\/sites\/3\/2020\/10\/konnekt-04-scaled-1.jpg\",\"contentUrl\":\"https:\/\/www.jernbanedirektoratet.no\/content\/uploads\/sites\/3\/2020\/10\/konnekt-04-scaled-1.jpg\",\"width\":2560,\"height\":1440},{\"@type\":\"BreadcrumbList\",\"@id\":\"https:\/\/www.jernbanedirektoratet.no\/konnekt\/etter-og-videreutdanning\/#breadcrumb\",\"itemListElement\":[{\"@type\":\"ListItem\",\"position\":1,\"name\":\"Hjem\",\"item\":\"https:\/\/www.jernbanedirektoratet.no\/konnekt\/\"},{\"@type\":\"ListItem\",\"position\":2,\"name\":\"Etter- og videreutdanning\"}]},{\"@type\":\"WebSite\",\"@id\":\"https:\/\/www.jernbanedirektoratet.no\/konnekt\/#website\",\"url\":\"https:\/\/www.jernbanedirektoratet.no\/konnekt\/\",\"name\":\"Konnekt\",\"description\":\"\",\"publisher\":{\"@id\":\"https:\/\/www.jernbanedirektoratet.no\/konnekt\/#organization\"},\"potentialAction\":[{\"@type\":\"SearchAction\",\"target\":{\"@type\":\"EntryPoint\",\"urlTemplate\":\"https:\/\/www.jernbanedirektoratet.no\/konnekt\/?s={search_term_string}\"},\"query-input\":{\"@type\":\"PropertyValueSpecification\",\"valueRequired\":true,\"valueName\":\"search_term_string\"}}],\"inLanguage\":\"nb-NO\"},{\"@type\":\"Organization\",\"@id\":\"https:\/\/www.jernbanedirektoratet.no\/konnekt\/#organization\",\"name\":\"Konnekt\",\"url\":\"https:\/\/www.jernbanedirektoratet.no\/konnekt\/\",\"logo\":{\"@type\":\"ImageObject\",\"inLanguage\":\"nb-NO\",\"@id\":\"https:\/\/www.jernbanedirektoratet.no\/konnekt\/#\/schema\/logo\/image\/\",\"url\":\"https:\/\/www.jernbanedirektoratet.no\/content\/uploads\/sites\/3\/2024\/01\/logo-konnekt.svg\",\"contentUrl\":\"https:\/\/www.jernbanedirektoratet.no\/content\/uploads\/sites\/3\/2024\/01\/logo-konnekt.svg\",\"caption\":\"Konnekt\"},\"image\":{\"@id\":\"https:\/\/www.jernbanedirektoratet.no\/konnekt\/#\/schema\/logo\/image\/\"}}]}<\/script>\n<!-- \/ Yoast SEO Premium plugin. -->","yoast_head_json":{"title":"Etter- og videreutdanning - Konnekt","description":"Det tilbys en rekke etter og videreutdannings muligheter innen samferdsel. Her finner du oversikt over utdanningsinstitusjoner og programmer.","robots":{"index":"index","follow":"follow","max-snippet":"max-snippet:-1","max-image-preview":"max-image-preview:large","max-video-preview":"max-video-preview:-1"},"canonical":"https:\/\/www.jernbanedirektoratet.no\/konnekt\/etter-og-videreutdanning\/","og_locale":"nb_NO","og_type":"article","og_title":"Etter- og videreutdanning","og_description":"Det tilbys en rekke etter og videreutdannings muligheter innen samferdsel. Her finner du oversikt over utdanningsinstitusjoner og programmer.","og_url":"https:\/\/www.jernbanedirektoratet.no\/konnekt\/etter-og-videreutdanning\/","og_site_name":"Konnekt","article_modified_time":"2025-11-28T08:15:25+00:00","og_image":[{"width":2560,"height":1440,"url":"https:\/\/www.jernbanedirektoratet.no\/content\/uploads\/sites\/3\/2020\/10\/konnekt-04-scaled-1.jpg","type":"image\/jpeg"}],"twitter_card":"summary_large_image","twitter_misc":{"Ansl. lesetid":"4 minutter"},"schema":{"@context":"https:\/\/schema.org","@graph":[{"@type":"WebPage","@id":"https:\/\/www.jernbanedirektoratet.no\/konnekt\/etter-og-videreutdanning\/","url":"https:\/\/www.jernbanedirektoratet.no\/konnekt\/etter-og-videreutdanning\/","name":"Etter- og videreutdanning - Konnekt","isPartOf":{"@id":"https:\/\/www.jernbanedirektoratet.no\/konnekt\/#website"},"primaryImageOfPage":{"@id":"https:\/\/www.jernbanedirektoratet.no\/konnekt\/etter-og-videreutdanning\/#primaryimage"},"image":{"@id":"https:\/\/www.jernbanedirektoratet.no\/konnekt\/etter-og-videreutdanning\/#primaryimage"},"thumbnailUrl":"https:\/\/www.jernbanedirektoratet.no\/content\/uploads\/sites\/3\/2020\/10\/konnekt-04-scaled-1.jpg","datePublished":"2021-02-23T12:51:09+00:00","dateModified":"2025-11-28T08:15:25+00:00","description":"Det tilbys en rekke etter og videreutdannings muligheter innen samferdsel. Her finner du oversikt over utdanningsinstitusjoner og programmer.","breadcrumb":{"@id":"https:\/\/www.jernbanedirektoratet.no\/konnekt\/etter-og-videreutdanning\/#breadcrumb"},"inLanguage":"nb-NO","potentialAction":[{"@type":"ReadAction","target":["https:\/\/www.jernbanedirektoratet.no\/konnekt\/etter-og-videreutdanning\/"]}]},{"@type":"ImageObject","inLanguage":"nb-NO","@id":"https:\/\/www.jernbanedirektoratet.no\/konnekt\/etter-og-videreutdanning\/#primaryimage","url":"https:\/\/www.jernbanedirektoratet.no\/content\/uploads\/sites\/3\/2020\/10\/konnekt-04-scaled-1.jpg","contentUrl":"https:\/\/www.jernbanedirektoratet.no\/content\/uploads\/sites\/3\/2020\/10\/konnekt-04-scaled-1.jpg","width":2560,"height":1440},{"@type":"BreadcrumbList","@id":"https:\/\/www.jernbanedirektoratet.no\/konnekt\/etter-og-videreutdanning\/#breadcrumb","itemListElement":[{"@type":"ListItem","position":1,"name":"Hjem","item":"https:\/\/www.jernbanedirektoratet.no\/konnekt\/"},{"@type":"ListItem","position":2,"name":"Etter- og videreutdanning"}]},{"@type":"WebSite","@id":"https:\/\/www.jernbanedirektoratet.no\/konnekt\/#website","url":"https:\/\/www.jernbanedirektoratet.no\/konnekt\/","name":"Konnekt","description":"","publisher":{"@id":"https:\/\/www.jernbanedirektoratet.no\/konnekt\/#organization"},"potentialAction":[{"@type":"SearchAction","target":{"@type":"EntryPoint","urlTemplate":"https:\/\/www.jernbanedirektoratet.no\/konnekt\/?s={search_term_string}"},"query-input":{"@type":"PropertyValueSpecification","valueRequired":true,"valueName":"search_term_string"}}],"inLanguage":"nb-NO"},{"@type":"Organization","@id":"https:\/\/www.jernbanedirektoratet.no\/konnekt\/#organization","name":"Konnekt","url":"https:\/\/www.jernbanedirektoratet.no\/konnekt\/","logo":{"@type":"ImageObject","inLanguage":"nb-NO","@id":"https:\/\/www.jernbanedirektoratet.no\/konnekt\/#\/schema\/logo\/image\/","url":"https:\/\/www.jernbanedirektoratet.no\/content\/uploads\/sites\/3\/2024\/01\/logo-konnekt.svg","contentUrl":"https:\/\/www.jernbanedirektoratet.no\/content\/uploads\/sites\/3\/2024\/01\/logo-konnekt.svg","caption":"Konnekt"},"image":{"@id":"https:\/\/www.jernbanedirektoratet.no\/konnekt\/#\/schema\/logo\/image\/"}}]}},"_links":{"self":[{"href":"https:\/\/www.jernbanedirektoratet.no\/konnekt\/wp-json\/wp\/v2\/pages\/941","targetHints":{"allow":["GET"]}}],"collection":[{"href":"https:\/\/www.jernbanedirektoratet.no\/konnekt\/wp-json\/wp\/v2\/pages"}],"about":[{"href":"https:\/\/www.jernbanedirektoratet.no\/konnekt\/wp-json\/wp\/v2\/types\/page"}],"author":[{"embeddable":true,"href":"https:\/\/www.jernbanedirektoratet.no\/konnekt\/wp-json\/wp\/v2\/users\/14"}],"replies":[{"embeddable":true,"href":"https:\/\/www.jernbanedirektoratet.no\/konnekt\/wp-json\/wp\/v2\/comments?post=941"}],"version-history":[{"count":4,"href":"https:\/\/www.jernbanedirektoratet.no\/konnekt\/wp-json\/wp\/v2\/pages\/941\/revisions"}],"predecessor-version":[{"id":3249,"href":"https:\/\/www.jernbanedirektoratet.no\/konnekt\/wp-json\/wp\/v2\/pages\/941\/revisions\/3249"}],"wp:featuredmedia":[{"embeddable":true,"href":"https:\/\/www.jernbanedirektoratet.no\/konnekt\/wp-json\/wp\/v2\/media\/776"}],"wp:attachment":[{"href":"https:\/\/www.jernbanedirektoratet.no\/konnekt\/wp-json\/wp\/v2\/media?parent=941"}],"curies":[{"name":"wp","href":"https:\/\/api.w.org\/{rel}","templated":true}]}}