{"id":202,"date":"2021-11-25T19:26:21","date_gmt":"2021-11-25T18:26:21","guid":{"rendered":"https:\/\/ntpmetode.no\/?page_id=202"},"modified":"2025-09-11T09:55:47","modified_gmt":"2025-09-11T07:55:47","slug":"den-nasjonale-reisevaneundersokelsen","status":"publish","type":"page","link":"https:\/\/www.jernbanedirektoratet.no\/ntpmetode\/reisevaneundersokelsen\/den-nasjonale-reisevaneundersokelsen\/","title":{"rendered":"Den nasjonale reisevaneunders\u00f8kelsen"},"content":{"rendered":"\n<div class=\"wp-block-cover alignfull is-light\" style=\"min-height:209px;aspect-ratio:unset;\"><img loading=\"lazy\" decoding=\"async\" width=\"2560\" height=\"1699\" class=\"wp-block-cover__image-background wp-image-740\" alt=\"\" src=\"https:\/\/www.jernbanedirektoratet.no\/content\/uploads\/sites\/4\/2022\/01\/et-varmere-og-mer-moderne-bane-nor-2-scaled-1.jpg\" data-object-fit=\"cover\" srcset=\"https:\/\/www.jernbanedirektoratet.no\/content\/uploads\/sites\/4\/2022\/01\/et-varmere-og-mer-moderne-bane-nor-2-scaled-1.jpg 2560w, https:\/\/www.jernbanedirektoratet.no\/content\/uploads\/sites\/4\/2022\/01\/et-varmere-og-mer-moderne-bane-nor-2-scaled-1-300x199.jpg 300w, https:\/\/www.jernbanedirektoratet.no\/content\/uploads\/sites\/4\/2022\/01\/et-varmere-og-mer-moderne-bane-nor-2-scaled-1-1024x680.jpg 1024w, https:\/\/www.jernbanedirektoratet.no\/content\/uploads\/sites\/4\/2022\/01\/et-varmere-og-mer-moderne-bane-nor-2-scaled-1-768x510.jpg 768w, https:\/\/www.jernbanedirektoratet.no\/content\/uploads\/sites\/4\/2022\/01\/et-varmere-og-mer-moderne-bane-nor-2-scaled-1-1536x1019.jpg 1536w, https:\/\/www.jernbanedirektoratet.no\/content\/uploads\/sites\/4\/2022\/01\/et-varmere-og-mer-moderne-bane-nor-2-scaled-1-2048x1359.jpg 2048w\" sizes=\"auto, (max-width: 2560px) 100vw, 2560px\" \/><span aria-hidden=\"true\" class=\"wp-block-cover__background has-background-dim-0 has-background-dim\"><\/span><div class=\"wp-block-cover__inner-container\"><h1 class=\"wp-block-post-title\">Den nasjonale reisevaneunders\u00f8kelsen<\/h1>\n\n<p class=\"t2-ingress wp-block-t2-ingress\">Den nasjonale reisevaneunders\u00f8kelsen gjennomf\u00f8res kontinuerlig, med intervjuer tiln\u00e6rmet hver dag gjennom hele \u00e5ret, hvert \u00e5r, for \u00e5 unders\u00f8ke befolkningens reiseaktivitet og reisem\u00f8nster. Unders\u00f8kelsen gir kunnskap og data som brukes i nasjonal transportplanlegging.<\/p><\/div><span class=\"t2-image-credit-name\">Foto: \u00d8ivind Haug<\/span><\/div>\n\n\n\n<p>Parallelt med den p\u00e5g\u00e5ende datainnsamlingen av reisevanedata testes det ogs\u00e5 ut nye datainnsamlingsformer. Det er en p\u00e5g\u00e5ende pilot knyttet til \u00e5 svare p\u00e5 et forenklet sp\u00f8rreskjema via en reiseapp hvor de geografiske elementene til gjennomf\u00f8rt reise, registreres via telefonen. Vi gj\u00f8r ogs\u00e5 en pilot hvor vi benytter en kollektivapp til \u00e5 registrere et stort antall reisem\u00f8nster blant de reisende, og hvor et utvalg av de som benyttet kollektivappen skal svare en forenklet sp\u00f8rreskjema fra Nasjonale reisevaneunders\u00f8kelse. Begge pilotene vil bli grundig evaluert i 2022.<\/p>\n\n\n\n<p>Resultatene fra reisevaneunders\u00f8kelsen brukes blant annet til samferdselsstatistikk, analyser av hvordan og hvorfor vi reiser, og det er underlag i transportmodeller som ansl\u00e5r konsekvensen av ulike samferdselsprosjekter. Resultatene av reisevaneunders\u00f8kelsen er viktig grunnlag for arbeidet med Nasjonal transportplan.<br>Reisevaneunders\u00f8kelsen er grunnlag for b\u00e5de planlegging og modellutvikling i samferdselssektoren, og er blant annet viktig for beslutningsgrunnlaget til Nasjonal transportplan. Unders\u00f8kelsen brukes blant annet til<\/p>\n\n\n\n<ul class=\"wp-block-list\">\n<li>Stortingsmeldinger, inkludert Nasjonal transportplan<\/li>\n\n\n\n<li>Lokal og regional areal- og transportplanlegging<\/li>\n\n\n\n<li>Analyser av konkurranseflater og markedsandeler<\/li>\n\n\n\n<li>Persontransportmodeller<\/li>\n\n\n\n<li>Statistikk<\/li>\n\n\n\n<li>Prognoser<\/li>\n\n\n\n<li>Ulike mobilitetsanalyser<\/li>\n<\/ul>\n\n\n\n<p>Siden h\u00f8sten 2016 har reisevaneunders\u00f8kelsen blitt gjennomf\u00f8rt kontinuerlig, i motsetning til hvert fjerde \u00e5r som tidligere. Unders\u00f8kelsene gjennomf\u00f8res p\u00e5 omtrent samme m\u00e5te, slik at resultatene kan sammenliknes over tid.<\/p>\n\n\n\n<p>Samferdselsdepartementet, Avinor, Bane NOR, Jernbanedirektoratet, Kystverket, Nye Veier, Statens vegvesen st\u00e5r bak unders\u00f8kelsen, som gjennomf\u00f8res med bidrag fra flere konsulenter.<\/p>\n","protected":false},"excerpt":{"rendered":"<p>Den nasjonale reisevaneunders\u00f8kelsen gjennomf\u00f8res kontinuerlig, med intervjuer tiln\u00e6rmet hver dag gjennom hele \u00e5ret, hvert \u00e5r, for \u00e5 unders\u00f8ke befolkningens reiseaktivitet og reisem\u00f8nster. Unders\u00f8kelsen gir kunnskap og data som brukes i nasjonal transportplanlegging.<\/p>\n","protected":false},"author":15,"featured_media":740,"parent":1298,"menu_order":0,"comment_status":"closed","ping_status":"closed","template":"","meta":{"post_sublanguage":"","footnotes":""},"class_list":["post-202","page","type-page","status-publish","has-post-thumbnail","hentry"],"yoast_head":"<!-- This site is optimized with the Yoast SEO Premium plugin v25.3 (Yoast SEO v25.3) - https:\/\/yoast.com\/wordpress\/plugins\/seo\/ -->\n<title>Den nasjonale reisevaneunders\u00f8kelsen - ntpmetode<\/title>\n<meta name=\"description\" content=\"Den nasjonale reisevaneunders\u00f8kelsen gjennomf\u00f8res kontinuerlig, med intervjuer tiln\u00e6rmet hver dag gjennom hele \u00e5ret, hvert \u00e5r, for \u00e5 unders\u00f8ke befolkningens reiseaktivitet og reisem\u00f8nster.\" \/>\n<meta name=\"robots\" content=\"index, follow, max-snippet:-1, max-image-preview:large, max-video-preview:-1\" \/>\n<link rel=\"canonical\" href=\"https:\/\/www.jernbanedirektoratet.no\/ntpmetode\/reisevaneundersokelsen\/den-nasjonale-reisevaneundersokelsen\/\" \/>\n<meta property=\"og:locale\" content=\"nb_NO\" \/>\n<meta property=\"og:type\" content=\"article\" \/>\n<meta property=\"og:title\" content=\"Den nasjonale reisevaneunders\u00f8kelsen\" \/>\n<meta property=\"og:description\" content=\"Den nasjonale reisevaneunders\u00f8kelsen gjennomf\u00f8res kontinuerlig, med intervjuer tiln\u00e6rmet hver dag gjennom hele \u00e5ret, hvert \u00e5r, for \u00e5 unders\u00f8ke befolkningens reiseaktivitet og reisem\u00f8nster.\" \/>\n<meta property=\"og:url\" content=\"https:\/\/www.jernbanedirektoratet.no\/ntpmetode\/reisevaneundersokelsen\/den-nasjonale-reisevaneundersokelsen\/\" \/>\n<meta property=\"og:site_name\" content=\"ntpmetode\" \/>\n<meta property=\"article:modified_time\" content=\"2025-09-11T07:55:47+00:00\" \/>\n<meta property=\"og:image\" content=\"https:\/\/www.jernbanedirektoratet.no\/content\/uploads\/sites\/4\/2022\/01\/et-varmere-og-mer-moderne-bane-nor-2-scaled-1.jpg\" \/>\n\t<meta property=\"og:image:width\" content=\"2560\" \/>\n\t<meta property=\"og:image:height\" content=\"1699\" \/>\n\t<meta property=\"og:image:type\" content=\"image\/jpeg\" \/>\n<meta name=\"twitter:card\" content=\"summary_large_image\" \/>\n<meta name=\"twitter:label1\" content=\"Ansl. lesetid\" \/>\n\t<meta name=\"twitter:data1\" content=\"1 minutt\" \/>\n<script type=\"application\/ld+json\" class=\"yoast-schema-graph\">{\"@context\":\"https:\/\/schema.org\",\"@graph\":[{\"@type\":\"WebPage\",\"@id\":\"https:\/\/www.jernbanedirektoratet.no\/ntpmetode\/reisevaneundersokelsen\/den-nasjonale-reisevaneundersokelsen\/\",\"url\":\"https:\/\/www.jernbanedirektoratet.no\/ntpmetode\/reisevaneundersokelsen\/den-nasjonale-reisevaneundersokelsen\/\",\"name\":\"Den nasjonale reisevaneunders\u00f8kelsen - ntpmetode\",\"isPartOf\":{\"@id\":\"https:\/\/www.jernbanedirektoratet.no\/ntpmetode\/#website\"},\"primaryImageOfPage\":{\"@id\":\"https:\/\/www.jernbanedirektoratet.no\/ntpmetode\/reisevaneundersokelsen\/den-nasjonale-reisevaneundersokelsen\/#primaryimage\"},\"image\":{\"@id\":\"https:\/\/www.jernbanedirektoratet.no\/ntpmetode\/reisevaneundersokelsen\/den-nasjonale-reisevaneundersokelsen\/#primaryimage\"},\"thumbnailUrl\":\"https:\/\/www.jernbanedirektoratet.no\/content\/uploads\/sites\/4\/2022\/01\/et-varmere-og-mer-moderne-bane-nor-2-scaled-1.jpg\",\"datePublished\":\"2021-11-25T18:26:21+00:00\",\"dateModified\":\"2025-09-11T07:55:47+00:00\",\"description\":\"Den nasjonale reisevaneunders\u00f8kelsen gjennomf\u00f8res kontinuerlig, med intervjuer tiln\u00e6rmet hver dag gjennom hele \u00e5ret, hvert \u00e5r, for \u00e5 unders\u00f8ke befolkningens reiseaktivitet og reisem\u00f8nster.\",\"breadcrumb\":{\"@id\":\"https:\/\/www.jernbanedirektoratet.no\/ntpmetode\/reisevaneundersokelsen\/den-nasjonale-reisevaneundersokelsen\/#breadcrumb\"},\"inLanguage\":\"nb-NO\",\"potentialAction\":[{\"@type\":\"ReadAction\",\"target\":[\"https:\/\/www.jernbanedirektoratet.no\/ntpmetode\/reisevaneundersokelsen\/den-nasjonale-reisevaneundersokelsen\/\"]}]},{\"@type\":\"ImageObject\",\"inLanguage\":\"nb-NO\",\"@id\":\"https:\/\/www.jernbanedirektoratet.no\/ntpmetode\/reisevaneundersokelsen\/den-nasjonale-reisevaneundersokelsen\/#primaryimage\",\"url\":\"https:\/\/www.jernbanedirektoratet.no\/content\/uploads\/sites\/4\/2022\/01\/et-varmere-og-mer-moderne-bane-nor-2-scaled-1.jpg\",\"contentUrl\":\"https:\/\/www.jernbanedirektoratet.no\/content\/uploads\/sites\/4\/2022\/01\/et-varmere-og-mer-moderne-bane-nor-2-scaled-1.jpg\",\"width\":2560,\"height\":1699,\"caption\":\"Dame p\u00e5 sykkel\"},{\"@type\":\"BreadcrumbList\",\"@id\":\"https:\/\/www.jernbanedirektoratet.no\/ntpmetode\/reisevaneundersokelsen\/den-nasjonale-reisevaneundersokelsen\/#breadcrumb\",\"itemListElement\":[{\"@type\":\"ListItem\",\"position\":1,\"name\":\"Hjem\",\"item\":\"https:\/\/www.jernbanedirektoratet.no\/ntpmetode\/\"},{\"@type\":\"ListItem\",\"position\":2,\"name\":\"Reisevaneunders\u00f8kelsen\",\"item\":\"https:\/\/www.jernbanedirektoratet.no\/ntpmetode\/reisevaneundersokelsen\/\"},{\"@type\":\"ListItem\",\"position\":3,\"name\":\"Den nasjonale reisevaneunders\u00f8kelsen\"}]},{\"@type\":\"WebSite\",\"@id\":\"https:\/\/www.jernbanedirektoratet.no\/ntpmetode\/#website\",\"url\":\"https:\/\/www.jernbanedirektoratet.no\/ntpmetode\/\",\"name\":\"ntpmetode\",\"description\":\"\",\"publisher\":{\"@id\":\"https:\/\/www.jernbanedirektoratet.no\/ntpmetode\/#organization\"},\"potentialAction\":[{\"@type\":\"SearchAction\",\"target\":{\"@type\":\"EntryPoint\",\"urlTemplate\":\"https:\/\/www.jernbanedirektoratet.no\/ntpmetode\/?s={search_term_string}\"},\"query-input\":{\"@type\":\"PropertyValueSpecification\",\"valueRequired\":true,\"valueName\":\"search_term_string\"}}],\"inLanguage\":\"nb-NO\"},{\"@type\":\"Organization\",\"@id\":\"https:\/\/www.jernbanedirektoratet.no\/ntpmetode\/#organization\",\"name\":\"ntpmetode\",\"url\":\"https:\/\/www.jernbanedirektoratet.no\/ntpmetode\/\",\"logo\":{\"@type\":\"ImageObject\",\"inLanguage\":\"nb-NO\",\"@id\":\"https:\/\/www.jernbanedirektoratet.no\/ntpmetode\/#\/schema\/logo\/image\/\",\"url\":\"https:\/\/www.jernbanedirektoratet.no\/content\/uploads\/sites\/4\/2023\/12\/logo-ntpmetode.svg\",\"contentUrl\":\"https:\/\/www.jernbanedirektoratet.no\/content\/uploads\/sites\/4\/2023\/12\/logo-ntpmetode.svg\",\"caption\":\"ntpmetode\"},\"image\":{\"@id\":\"https:\/\/www.jernbanedirektoratet.no\/ntpmetode\/#\/schema\/logo\/image\/\"}}]}<\/script>\n<!-- \/ Yoast SEO Premium plugin. -->","yoast_head_json":{"title":"Den nasjonale reisevaneunders\u00f8kelsen - ntpmetode","description":"Den nasjonale reisevaneunders\u00f8kelsen gjennomf\u00f8res kontinuerlig, med intervjuer tiln\u00e6rmet hver dag gjennom hele \u00e5ret, hvert \u00e5r, for \u00e5 unders\u00f8ke befolkningens reiseaktivitet og reisem\u00f8nster.","robots":{"index":"index","follow":"follow","max-snippet":"max-snippet:-1","max-image-preview":"max-image-preview:large","max-video-preview":"max-video-preview:-1"},"canonical":"https:\/\/www.jernbanedirektoratet.no\/ntpmetode\/reisevaneundersokelsen\/den-nasjonale-reisevaneundersokelsen\/","og_locale":"nb_NO","og_type":"article","og_title":"Den nasjonale reisevaneunders\u00f8kelsen","og_description":"Den nasjonale reisevaneunders\u00f8kelsen gjennomf\u00f8res kontinuerlig, med intervjuer tiln\u00e6rmet hver dag gjennom hele \u00e5ret, hvert \u00e5r, for \u00e5 unders\u00f8ke befolkningens reiseaktivitet og reisem\u00f8nster.","og_url":"https:\/\/www.jernbanedirektoratet.no\/ntpmetode\/reisevaneundersokelsen\/den-nasjonale-reisevaneundersokelsen\/","og_site_name":"ntpmetode","article_modified_time":"2025-09-11T07:55:47+00:00","og_image":[{"width":2560,"height":1699,"url":"https:\/\/www.jernbanedirektoratet.no\/content\/uploads\/sites\/4\/2022\/01\/et-varmere-og-mer-moderne-bane-nor-2-scaled-1.jpg","type":"image\/jpeg"}],"twitter_card":"summary_large_image","twitter_misc":{"Ansl. lesetid":"1 minutt"},"schema":{"@context":"https:\/\/schema.org","@graph":[{"@type":"WebPage","@id":"https:\/\/www.jernbanedirektoratet.no\/ntpmetode\/reisevaneundersokelsen\/den-nasjonale-reisevaneundersokelsen\/","url":"https:\/\/www.jernbanedirektoratet.no\/ntpmetode\/reisevaneundersokelsen\/den-nasjonale-reisevaneundersokelsen\/","name":"Den nasjonale reisevaneunders\u00f8kelsen - ntpmetode","isPartOf":{"@id":"https:\/\/www.jernbanedirektoratet.no\/ntpmetode\/#website"},"primaryImageOfPage":{"@id":"https:\/\/www.jernbanedirektoratet.no\/ntpmetode\/reisevaneundersokelsen\/den-nasjonale-reisevaneundersokelsen\/#primaryimage"},"image":{"@id":"https:\/\/www.jernbanedirektoratet.no\/ntpmetode\/reisevaneundersokelsen\/den-nasjonale-reisevaneundersokelsen\/#primaryimage"},"thumbnailUrl":"https:\/\/www.jernbanedirektoratet.no\/content\/uploads\/sites\/4\/2022\/01\/et-varmere-og-mer-moderne-bane-nor-2-scaled-1.jpg","datePublished":"2021-11-25T18:26:21+00:00","dateModified":"2025-09-11T07:55:47+00:00","description":"Den nasjonale reisevaneunders\u00f8kelsen gjennomf\u00f8res kontinuerlig, med intervjuer tiln\u00e6rmet hver dag gjennom hele \u00e5ret, hvert \u00e5r, for \u00e5 unders\u00f8ke befolkningens reiseaktivitet og reisem\u00f8nster.","breadcrumb":{"@id":"https:\/\/www.jernbanedirektoratet.no\/ntpmetode\/reisevaneundersokelsen\/den-nasjonale-reisevaneundersokelsen\/#breadcrumb"},"inLanguage":"nb-NO","potentialAction":[{"@type":"ReadAction","target":["https:\/\/www.jernbanedirektoratet.no\/ntpmetode\/reisevaneundersokelsen\/den-nasjonale-reisevaneundersokelsen\/"]}]},{"@type":"ImageObject","inLanguage":"nb-NO","@id":"https:\/\/www.jernbanedirektoratet.no\/ntpmetode\/reisevaneundersokelsen\/den-nasjonale-reisevaneundersokelsen\/#primaryimage","url":"https:\/\/www.jernbanedirektoratet.no\/content\/uploads\/sites\/4\/2022\/01\/et-varmere-og-mer-moderne-bane-nor-2-scaled-1.jpg","contentUrl":"https:\/\/www.jernbanedirektoratet.no\/content\/uploads\/sites\/4\/2022\/01\/et-varmere-og-mer-moderne-bane-nor-2-scaled-1.jpg","width":2560,"height":1699,"caption":"Dame p\u00e5 sykkel"},{"@type":"BreadcrumbList","@id":"https:\/\/www.jernbanedirektoratet.no\/ntpmetode\/reisevaneundersokelsen\/den-nasjonale-reisevaneundersokelsen\/#breadcrumb","itemListElement":[{"@type":"ListItem","position":1,"name":"Hjem","item":"https:\/\/www.jernbanedirektoratet.no\/ntpmetode\/"},{"@type":"ListItem","position":2,"name":"Reisevaneunders\u00f8kelsen","item":"https:\/\/www.jernbanedirektoratet.no\/ntpmetode\/reisevaneundersokelsen\/"},{"@type":"ListItem","position":3,"name":"Den nasjonale reisevaneunders\u00f8kelsen"}]},{"@type":"WebSite","@id":"https:\/\/www.jernbanedirektoratet.no\/ntpmetode\/#website","url":"https:\/\/www.jernbanedirektoratet.no\/ntpmetode\/","name":"ntpmetode","description":"","publisher":{"@id":"https:\/\/www.jernbanedirektoratet.no\/ntpmetode\/#organization"},"potentialAction":[{"@type":"SearchAction","target":{"@type":"EntryPoint","urlTemplate":"https:\/\/www.jernbanedirektoratet.no\/ntpmetode\/?s={search_term_string}"},"query-input":{"@type":"PropertyValueSpecification","valueRequired":true,"valueName":"search_term_string"}}],"inLanguage":"nb-NO"},{"@type":"Organization","@id":"https:\/\/www.jernbanedirektoratet.no\/ntpmetode\/#organization","name":"ntpmetode","url":"https:\/\/www.jernbanedirektoratet.no\/ntpmetode\/","logo":{"@type":"ImageObject","inLanguage":"nb-NO","@id":"https:\/\/www.jernbanedirektoratet.no\/ntpmetode\/#\/schema\/logo\/image\/","url":"https:\/\/www.jernbanedirektoratet.no\/content\/uploads\/sites\/4\/2023\/12\/logo-ntpmetode.svg","contentUrl":"https:\/\/www.jernbanedirektoratet.no\/content\/uploads\/sites\/4\/2023\/12\/logo-ntpmetode.svg","caption":"ntpmetode"},"image":{"@id":"https:\/\/www.jernbanedirektoratet.no\/ntpmetode\/#\/schema\/logo\/image\/"}}]}},"_links":{"self":[{"href":"https:\/\/www.jernbanedirektoratet.no\/ntpmetode\/wp-json\/wp\/v2\/pages\/202","targetHints":{"allow":["GET"]}}],"collection":[{"href":"https:\/\/www.jernbanedirektoratet.no\/ntpmetode\/wp-json\/wp\/v2\/pages"}],"about":[{"href":"https:\/\/www.jernbanedirektoratet.no\/ntpmetode\/wp-json\/wp\/v2\/types\/page"}],"author":[{"embeddable":true,"href":"https:\/\/www.jernbanedirektoratet.no\/ntpmetode\/wp-json\/wp\/v2\/users\/15"}],"replies":[{"embeddable":true,"href":"https:\/\/www.jernbanedirektoratet.no\/ntpmetode\/wp-json\/wp\/v2\/comments?post=202"}],"version-history":[{"count":5,"href":"https:\/\/www.jernbanedirektoratet.no\/ntpmetode\/wp-json\/wp\/v2\/pages\/202\/revisions"}],"predecessor-version":[{"id":1863,"href":"https:\/\/www.jernbanedirektoratet.no\/ntpmetode\/wp-json\/wp\/v2\/pages\/202\/revisions\/1863"}],"up":[{"embeddable":true,"href":"https:\/\/www.jernbanedirektoratet.no\/ntpmetode\/wp-json\/wp\/v2\/pages\/1298"}],"wp:featuredmedia":[{"embeddable":true,"href":"https:\/\/www.jernbanedirektoratet.no\/ntpmetode\/wp-json\/wp\/v2\/media\/740"}],"wp:attachment":[{"href":"https:\/\/www.jernbanedirektoratet.no\/ntpmetode\/wp-json\/wp\/v2\/media?parent=202"}],"curies":[{"name":"wp","href":"https:\/\/api.w.org\/{rel}","templated":true}]}}